{"id":13,"date":"2023-11-27T15:20:03","date_gmt":"2023-11-27T14:20:03","guid":{"rendered":"http:\/\/coulina.cluster028.hosting.ovh.net\/index.php\/members\/"},"modified":"2025-01-06T09:45:30","modified_gmt":"2025-01-06T08:45:30","slug":"members","status":"publish","type":"page","link":"https:\/\/coulinfo.fr\/","title":{"rendered":"Accueil"},"content":{"rendered":"\n<p><\/p>\n\n\n\n<p><\/p>\n\n\n\n<p><\/p>\n\n\n\n<p><\/p>\n\n\n\n<figure class=\"wp-block-image size-full is-resized\"><img loading=\"lazy\" decoding=\"async\" width=\"307\" height=\"164\" src=\"https:\/\/coulinfo.fr\/wp-content\/uploads\/2025\/01\/en-construction.jpeg\" alt=\"\" class=\"wp-image-103\" style=\"width:840px;height:auto\" srcset=\"https:\/\/coulinfo.fr\/wp-content\/uploads\/2025\/01\/en-construction.jpeg 307w, https:\/\/coulinfo.fr\/wp-content\/uploads\/2025\/01\/en-construction-300x160.jpeg 300w\" sizes=\"auto, (max-width: 307px) 100vw, 307px\" \/><\/figure>\n\n\n\n<p><\/p>\n\n\n\n<p class=\"has-vivid-red-color has-text-color has-link-color has-medium-font-size wp-elements-fe225fabff023e3dd0d5c4c6d28e2cf7\"><strong>Votre interlocuteur privil\u00e9gi\u00e9 pour tous vos PROBLEMES informatique<\/strong><\/p>\n\n\n\n<p><\/p>\n\n\n\n<p>Coul\u2019Info vous propose un service de d\u00e9pannage informatique \u00e0 domicile. <\/p>\n\n\n\n<p>Dans un rayon de 20 km de Bailleul <em>(Meteren, Armenti\u00e8res, Hazebrouck, Fl\u00eatre, <\/em><em>Steenwerck, Nieppe, Le Doulieu, Estaires, Merris, Berthen, St Jans Cappel, Boesch\u00e8pe, Godewarsvelde,&#8230;)<\/em><\/p>\n\n\n\n<p>Mes prestations concernent la r\u00e9paration, la maintenance de votre ordinateur, ainsi que la vente de PC sur mesure, et \u00e9galement l\u2019initiation \u00e0 l\u2019informatique.<\/p>\n\n\n\n<p>\t\t\t\t\t\t\t\t\t\t\t\t<br>\n\t\t\t\t\t\t\t\t\t\t\t\t\t\t\t\t\t\t\t\t\t\t\t\t\t\t\t\t\t\t<\/p>\n\n\n\n<p>\t\t\t\t\t\t\t\t\t\t\t\t\t\t\t<br>\n\t\t\t\t\t\t\t\t\t\t\t\t\t\t\t\t\t\t\t\t\t\t\t\t\t\t\t\t\t\t<\/p>\n\n\n\n<p class=\"has-text-align-center\"><\/p>\n","protected":false},"excerpt":{"rendered":"<p>Votre interlocuteur privil\u00e9gi\u00e9 pour tous vos PROBLEMES informatique Coul\u2019Info vous propose un service de d\u00e9pannage informatique \u00e0 domicile. Dans un rayon de 20 km de Bailleul (Meteren, Armenti\u00e8res, Hazebrouck, Fl\u00eatre, Steenwerck, Nieppe, Le Doulieu, Estaires, Merris, Berthen, St Jans Cappel, Boesch\u00e8pe, Godewarsvelde,&#8230;) Mes prestations concernent la r\u00e9paration, la maintenance de votre ordinateur, ainsi que la [&hellip;]<\/p>\n","protected":false},"author":1,"featured_media":0,"parent":0,"menu_order":0,"comment_status":"closed","ping_status":"closed","template":"","meta":{"footnotes":""},"class_list":["post-13","page","type-page","status-publish","hentry"],"_links":{"self":[{"href":"https:\/\/coulinfo.fr\/index.php\/wp-json\/wp\/v2\/pages\/13","targetHints":{"allow":["GET"]}}],"collection":[{"href":"https:\/\/coulinfo.fr\/index.php\/wp-json\/wp\/v2\/pages"}],"about":[{"href":"https:\/\/coulinfo.fr\/index.php\/wp-json\/wp\/v2\/types\/page"}],"author":[{"embeddable":true,"href":"https:\/\/coulinfo.fr\/index.php\/wp-json\/wp\/v2\/users\/1"}],"replies":[{"embeddable":true,"href":"https:\/\/coulinfo.fr\/index.php\/wp-json\/wp\/v2\/comments?post=13"}],"version-history":[{"count":5,"href":"https:\/\/coulinfo.fr\/index.php\/wp-json\/wp\/v2\/pages\/13\/revisions"}],"predecessor-version":[{"id":104,"href":"https:\/\/coulinfo.fr\/index.php\/wp-json\/wp\/v2\/pages\/13\/revisions\/104"}],"wp:attachment":[{"href":"https:\/\/coulinfo.fr\/index.php\/wp-json\/wp\/v2\/media?parent=13"}],"curies":[{"name":"wp","href":"https:\/\/api.w.org\/{rel}","templated":true}]}}