{"id":14,"date":"2023-11-27T15:20:03","date_gmt":"2023-11-27T14:20:03","guid":{"rendered":"http:\/\/coulina.cluster028.hosting.ovh.net\/index.php\/logout\/"},"modified":"2024-12-25T13:33:56","modified_gmt":"2024-12-25T12:33:56","slug":"logout","status":"publish","type":"page","link":"https:\/\/coulinfo.fr\/index.php\/logout\/","title":{"rendered":"Logiciels gratuits"},"content":{"rendered":"\n<p><strong><em><strong><em><a href=\"http:\/\/fr.libreoffice.org\/download\/libreoffice-stable\/\" target=\"_blank\" rel=\"noreferrer noopener\">LibreOffice<\/a><\/em><\/strong><\/em><\/strong><\/p>\n\n\n\n<p>LibreOffice est une excellente alternative \u00e0 Microsoft Office !Cette suite bureautique de qualit\u00e9 professionnelle comporte tous les outils n\u00e9cessaires\u00e0 la plupart des utilisateurs, traitement de texte, tableur, pr\u00e9sentation, base de donn\u00e9es&#8230;et bien d&rsquo;autres outils capables de rivaliser avec Word, Excel, PowerPoint ou Access !<\/p>\n\n\n\n<p><strong><em><strong><em><a href=\"https:\/\/www.mozilla.org\/fr\/thunderbird\/\" target=\"_blank\" rel=\"noreferrer noopener\">Thunderbird<\/a><\/em><\/strong><\/em><\/strong><\/p>\n\n\n\n<p>Thunderbird est une application de messagerie facile \u00e0 configurer et \u00e0 personnaliser<\/p>\n\n\n\n<p><strong><em><strong><em><a href=\"http:\/\/www.videolan.org\/vlc\/\">VLC Media Player<\/a><\/em><\/strong><\/em><\/strong><\/p>\n\n\n\n<p>VLC est un lecteur multim\u00e9dia gratuit et libre et un syst\u00e8me capable de lire la plupart des fichiers multim\u00e9dias ainsi que des DVD, des CD Audio, des VCD, et divers protocoles de diffusion<\/p>\n\n\n\n<p><strong><em><strong><em><a href=\"https:\/\/www.mozilla.org\/fr\/\" target=\"_blank\" rel=\"noreferrer noopener\">Firefox<\/a><\/em><\/strong><\/em><\/strong><\/p>\n\n\n\n<p>Le c\u00e9l\u00e8bre navigateur de Mozilla est maintenant plus rapide, plus s\u00fbr et totalementpersonnalisable.<\/p>\n\n\n\n<p><strong><em><strong><em><a href=\"http:\/\/www.spiroo.be\/7zip\/\" target=\"_blank\" rel=\"noreferrer noopener\">7-Zip<\/a><\/em><\/strong><\/em><\/strong><\/p>\n\n\n\n<p>7-Zip est un logiciel gratuit d&rsquo;archivage de fichiers avec un taux de compression tr\u00e8s \u00e9lev\u00e9<\/p>\n","protected":false},"excerpt":{"rendered":"<p>LibreOffice LibreOffice est une excellente alternative \u00e0 Microsoft Office !Cette suite bureautique de qualit\u00e9 professionnelle comporte tous les outils n\u00e9cessaires\u00e0 la plupart des utilisateurs, traitement de texte, tableur, pr\u00e9sentation, base de donn\u00e9es&#8230;et bien d&rsquo;autres outils capables de rivaliser avec Word, Excel, PowerPoint ou Access ! Thunderbird Thunderbird est une application de messagerie facile \u00e0 configurer [&hellip;]<\/p>\n","protected":false},"author":1,"featured_media":0,"parent":0,"menu_order":0,"comment_status":"closed","ping_status":"closed","template":"","meta":{"footnotes":""},"class_list":["post-14","page","type-page","status-publish","hentry"],"_links":{"self":[{"href":"https:\/\/coulinfo.fr\/index.php\/wp-json\/wp\/v2\/pages\/14","targetHints":{"allow":["GET"]}}],"collection":[{"href":"https:\/\/coulinfo.fr\/index.php\/wp-json\/wp\/v2\/pages"}],"about":[{"href":"https:\/\/coulinfo.fr\/index.php\/wp-json\/wp\/v2\/types\/page"}],"author":[{"embeddable":true,"href":"https:\/\/coulinfo.fr\/index.php\/wp-json\/wp\/v2\/users\/1"}],"replies":[{"embeddable":true,"href":"https:\/\/coulinfo.fr\/index.php\/wp-json\/wp\/v2\/comments?post=14"}],"version-history":[{"count":2,"href":"https:\/\/coulinfo.fr\/index.php\/wp-json\/wp\/v2\/pages\/14\/revisions"}],"predecessor-version":[{"id":62,"href":"https:\/\/coulinfo.fr\/index.php\/wp-json\/wp\/v2\/pages\/14\/revisions\/62"}],"wp:attachment":[{"href":"https:\/\/coulinfo.fr\/index.php\/wp-json\/wp\/v2\/media?parent=14"}],"curies":[{"name":"wp","href":"https:\/\/api.w.org\/{rel}","templated":true}]}}