{"id":15,"date":"2023-11-27T15:20:03","date_gmt":"2023-11-27T14:20:03","guid":{"rendered":"http:\/\/coulina.cluster028.hosting.ovh.net\/index.php\/account\/"},"modified":"2024-12-29T17:01:44","modified_gmt":"2024-12-29T16:01:44","slug":"tarifs","status":"publish","type":"page","link":"https:\/\/coulinfo.fr\/index.php\/tarifs\/","title":{"rendered":"Tarifs"},"content":{"rendered":"\n<p><strong><em><strong><em>Assistance \u00e0 domicile<\/em><\/strong><\/em><\/strong><\/p>\n\n\n\n<p>D\u00e9pannage de votre ordinateur PC (suppression virus , base de registre, v\u00e9rification compl\u00e8te de votre syst\u00e8me), installation d&rsquo;un p\u00e9riph\u00e9rique (installation d&rsquo;une imprimante, scanner, webcam, etc&#8230;). Ce type de formule est valable pour la plupart des pannes mineures.<\/p>\n\n\n\n<figure style=\"margin-top:var(--wp--preset--spacing--30);margin-right:0;margin-bottom:var(--wp--preset--spacing--30);margin-left:0;line-height:1\" class=\"wp-block-table\"><table style=\"border-style:none;border-width:0px\"><tbody><tr><td>Prix : <\/td><td>20\u20ac \/ premi\u00e8re 15 min<\/td><\/tr><tr><td><\/td><td>30\u20ac \/ demi-heure<\/td><\/tr><tr><td><\/td><td>40\u20ac \/ heure<\/td><\/tr><\/tbody><\/table><\/figure>\n\n\n\n<hr class=\"wp-block-separator has-alpha-channel-opacity is-style-default\"\/>\n\n\n\n<p><strong><em><strong><em>Remise \u00e0 z\u00e9ro<\/em><\/strong><\/em><\/strong><\/p>\n\n\n\n<p>Retrouvez votre ordinateur comme neuf ! Formatage du disque dur avec sauvegarde de vos donn\u00e9es au pr\u00e9alable (en option), installation ou r\u00e9installation de windows (windows  10, 11), installation des drivers et enfin r\u00e9installation de vos logiciels (VLC, LibreOffice \u2026) Cette solution radicale est parfois n\u00e9cessaire lorsqu&rsquo;un ordinateur est trop infect\u00e9 par des virus ou tout simplement lorsque le syst\u00e8me est install\u00e9 depuis longtemps et que vous commencez \u00e0 constater des ralentissements souvent dus \u00e0 une certaine usure du syst\u00e8me d&rsquo;exploitation Windows install\u00e9 sur votre ordinateur.<\/p>\n\n\n\n<figure class=\"wp-block-table is-style-regular\" style=\"margin-top:var(--wp--preset--spacing--30);margin-right:0;margin-bottom:var(--wp--preset--spacing--30);margin-left:0;line-height:1\"><table style=\"border-style:none;border-width:0px\"><tbody><tr><td>Prix : <\/td><td>60\u20ac<\/td><\/tr><\/tbody><\/table><\/figure>\n\n\n\n<hr class=\"wp-block-separator has-alpha-channel-opacity is-style-default\"\/>\n\n\n\n<p><strong><em><strong><em>D\u00e9pannage<\/em><\/strong><\/em><\/strong><\/p>\n\n\n\n<p>Votre ordinateur ne s&rsquo;allume plus, est lent, reste bloqu\u00e9, ne d\u00e9marre plus ou si vous rencontrez des probl\u00e8mes mat\u00e9riels ou de performances de votre ordinateur j&rsquo; interviens pour tout type de panne informatique. \u00a0\u00a0\u00a0\u00a0\u00a0\u00a0\u00a0\u00a0\u00a0\u00a0\u00a0\u00a0\u00a0\u00a0\u00a0\u00a0\u00a0\u00a0\u00a0\u00a0\u00a0\u00a0\u00a0\u00a0\u00a0\u00a0\u00a0\u00a0\u00a0\u00a0\u00a0\u00a0\u00a0\u00a0\u00a0\u00a0\u00a0\u00a0\u00a0\u00a0\u00a0\u00a0\u00a0\u00a0\u00a0\u00a0\u00a0\u00a0\u00a0\u00a0\u00a0\u00a0\u00a0\u00a0\u00a0\u00a0Sp\u00e9cialis\u00e9 dans les d\u00e9pannages d&rsquo;ordinateur j&rsquo;effectue un diagnostic de la panne et r\u00e9pare sur place si possible. \u00a0\u00a0\u00a0\u00a0\u00a0\u00a0\u00a0\u00a0\u00a0\u00a0\u00a0\u00a0\u00a0\u00a0\u00a0\u00a0\u00a0\u00a0\u00a0\u00a0\u00a0\u00a0\u00a0\u00a0\u00a0\u00a0\u00a0Si la panne est plus s\u00e9rieuse je propose de prendre le mat\u00e9riel en atelier pour un examen plus complet afin d&rsquo;\u00e9tablir un devis pr\u00e9alable \u00e0 la r\u00e9paration. \u00a0\u00a0\u00a0\u00a0Je d\u00e9panne tous types de marques d&rsquo;ordinateurs (Acer, Toshiba, Dell, Medion, HP, Packard Bell,\u2026) \u00a0\u00a0Si n\u00e9cessaires je change les pi\u00e8ces n\u00e9cessaires(Disque dur, alimentation, m\u00e9moire vive, carte graphique, carte m\u00e8re,\u2026)<\/p>\n\n\n\n<figure style=\"margin-top:var(--wp--preset--spacing--30);margin-right:0;margin-bottom:var(--wp--preset--spacing--30);margin-left:0;line-height:1\" class=\"wp-block-table\"><table style=\"border-style:none;border-width:0px\"><tbody><tr><td>Prix : <\/td><td>20\u20ac \/ premi\u00e8re 15 min<\/td><\/tr><tr><td><\/td><td>30\u20ac \/ demi-heure<\/td><\/tr><tr><td><\/td><td>40\u20ac \/ heure<\/td><\/tr><\/tbody><\/table><\/figure>\n\n\n\n<hr class=\"wp-block-separator has-alpha-channel-opacity is-style-default\"\/>\n\n\n\n<p><strong><em><strong><em>Installation<\/em><\/strong><\/em><\/strong><\/p>\n\n\n\n<p>Installation de votre box internet, d&rsquo;un r\u00e9seau (Wifi, Ethernet, CPL,&#8230;), d&rsquo;un p\u00e9riph\u00e9rique (imprimante, webcam,&#8230;), pi\u00e8ces d&rsquo;\u00e9tach\u00e9es,&#8230;Prix : 40\u20ac<\/p>\n\n\n\n<figure class=\"wp-block-table is-style-regular\" style=\"margin-top:var(--wp--preset--spacing--30);margin-right:0;margin-bottom:var(--wp--preset--spacing--30);margin-left:0;line-height:1\"><table style=\"border-style:none;border-width:0px\"><tbody><tr><td>Prix : <\/td><td>40\u20ac<\/td><\/tr><\/tbody><\/table><\/figure>\n\n\n\n<hr class=\"wp-block-separator has-alpha-channel-opacity is-style-default\"\/>\n\n\n\n<p><strong><em><strong><em>Sauvegarde de donn\u00e9es<\/em><\/strong><\/em><\/strong><\/p>\n\n\n\n<p>Sauvegarde vos donn\u00e9es personnelle (photos, fichiers texte,&#8230;)<\/p>\n\n\n\n<figure class=\"wp-block-table is-style-regular\" style=\"margin-top:var(--wp--preset--spacing--30);margin-right:0;margin-bottom:var(--wp--preset--spacing--30);margin-left:0;line-height:1\"><table style=\"border-style:none;border-width:0px\"><tbody><tr><td>Prix : <\/td><td>\u00e0 partir de 20\u20ac<\/td><\/tr><\/tbody><\/table><\/figure>\n\n\n\n<hr class=\"wp-block-separator has-alpha-channel-opacity is-style-default\"\/>\n\n\n\n<p><strong><em><strong><em>Initiation<\/em><\/strong><\/em><\/strong><\/p>\n\n\n\n<p>Vous avez des lacunes en informatique et vous souhaitez effectuer une initiation informatique \u00e0 domicile , \u00e0 votre rythme ?Initiation sur l\u2019utilisation du PC, recherche sur internet, lire et envoyer des mails, graver vos documents (photos, fichiers personnelle,\u2026) sur DVD, Sauvegarder vos donn\u00e9es sur cl\u00e9 USB ou disque dur externe<\/p>\n\n\n\n<figure style=\"margin-top:var(--wp--preset--spacing--30);margin-right:0;margin-bottom:var(--wp--preset--spacing--30);margin-left:0;line-height:1\" class=\"wp-block-table\"><table style=\"border-style:none;border-width:0px\"><tbody><tr><td>Prix : <\/td><td>20\u20ac \/ premi\u00e8re 15 min<\/td><\/tr><tr><td><\/td><td>30\u20ac \/ demi-heure<\/td><\/tr><tr><td><\/td><td>40\u20ac \/ heure<\/td><\/tr><\/tbody><\/table><\/figure>\n\n\n\n<hr class=\"wp-block-separator has-alpha-channel-opacity is-style-wide\"\/>\n\n\n\n<hr class=\"wp-block-separator has-alpha-channel-opacity is-style-wide\"\/>\n\n\n\n<p><strong><em>Frais de d\u00e9placement compris dans un rayon de 20km de Bailleul (59270) (Meteren, Armenti\u00e8res, Hazebrouck, Fl\u00eatre, Steenwerck, Nieppe, Le Doulieu, Estaires, Merris, Berthen, St Jans Cappel, Boesch\u00e8pe, Godewarsvelde,&#8230;)Puis 1 euro \/ km suppl\u00e9mentaire.Si la r\u00e9paration sur place est impossible, votre ordinateur sera amen\u00e9 en atelier et ramen\u00e9 \u00e0 votre domicile sans frais suppl\u00e9mentaires.<\/em><\/strong><\/p>\n\n\n\n<p><\/p>\n","protected":false},"excerpt":{"rendered":"<p>Assistance \u00e0 domicile D\u00e9pannage de votre ordinateur PC (suppression virus , base de registre, v\u00e9rification compl\u00e8te de votre syst\u00e8me), installation d&rsquo;un p\u00e9riph\u00e9rique (installation d&rsquo;une imprimante, scanner, webcam, etc&#8230;). Ce type de formule est valable pour la plupart des pannes mineures. Prix : 20\u20ac \/ premi\u00e8re 15 min 30\u20ac \/ demi-heure 40\u20ac \/ heure Remise \u00e0 [&hellip;]<\/p>\n","protected":false},"author":1,"featured_media":0,"parent":0,"menu_order":0,"comment_status":"closed","ping_status":"closed","template":"","meta":{"footnotes":""},"class_list":["post-15","page","type-page","status-publish","hentry"],"_links":{"self":[{"href":"https:\/\/coulinfo.fr\/index.php\/wp-json\/wp\/v2\/pages\/15","targetHints":{"allow":["GET"]}}],"collection":[{"href":"https:\/\/coulinfo.fr\/index.php\/wp-json\/wp\/v2\/pages"}],"about":[{"href":"https:\/\/coulinfo.fr\/index.php\/wp-json\/wp\/v2\/types\/page"}],"author":[{"embeddable":true,"href":"https:\/\/coulinfo.fr\/index.php\/wp-json\/wp\/v2\/users\/1"}],"replies":[{"embeddable":true,"href":"https:\/\/coulinfo.fr\/index.php\/wp-json\/wp\/v2\/comments?post=15"}],"version-history":[{"count":1,"href":"https:\/\/coulinfo.fr\/index.php\/wp-json\/wp\/v2\/pages\/15\/revisions"}],"predecessor-version":[{"id":66,"href":"https:\/\/coulinfo.fr\/index.php\/wp-json\/wp\/v2\/pages\/15\/revisions\/66"}],"wp:attachment":[{"href":"https:\/\/coulinfo.fr\/index.php\/wp-json\/wp\/v2\/media?parent=15"}],"curies":[{"name":"wp","href":"https:\/\/api.w.org\/{rel}","templated":true}]}}